{"id":163,"date":"2025-02-23T05:37:22","date_gmt":"2025-02-23T05:37:22","guid":{"rendered":"https:\/\/furn.mx\/index.php\/about\/"},"modified":"2025-03-13T14:47:20","modified_gmt":"2025-03-13T14:47:20","slug":"about","status":"publish","type":"page","link":"https:\/\/staging.furn.mx\/index.php\/about\/","title":{"rendered":"Qui\u00e9nes Somos"},"content":{"rendered":"<div style=\"height:15px\" aria-hidden=\"true\" class=\"wp-block-spacer is-style-heim-hide-on-mobile\"><\/div><div class=\"wp-block-media-text is-stacked-on-mobile is-vertically-aligned-center is-style-default\" style=\"grid-template-columns:40% auto\"><figure class=\"wp-block-media-text__media\"><img loading=\"lazy\" decoding=\"async\" width=\"1024\" height=\"1024\" src=\"https:\/\/staging.furn.mx\/wp-content\/uploads\/2025\/03\/FOTO-DE-PERFIL-FURN-CIRCULOAZUL-1-1024x1024.png\" alt=\"\" class=\"wp-image-383 size-full\" srcset=\"https:\/\/staging.furn.mx\/wp-content\/uploads\/2025\/03\/FOTO-DE-PERFIL-FURN-CIRCULOAZUL-1-1024x1024.png 1024w, https:\/\/staging.furn.mx\/wp-content\/uploads\/2025\/03\/FOTO-DE-PERFIL-FURN-CIRCULOAZUL-1-300x300.png 300w, https:\/\/staging.furn.mx\/wp-content\/uploads\/2025\/03\/FOTO-DE-PERFIL-FURN-CIRCULOAZUL-1-150x150.png 150w, https:\/\/staging.furn.mx\/wp-content\/uploads\/2025\/03\/FOTO-DE-PERFIL-FURN-CIRCULOAZUL-1-768x768.png 768w, https:\/\/staging.furn.mx\/wp-content\/uploads\/2025\/03\/FOTO-DE-PERFIL-FURN-CIRCULOAZUL-1-700x700.png 700w, https:\/\/staging.furn.mx\/wp-content\/uploads\/2025\/03\/FOTO-DE-PERFIL-FURN-CIRCULOAZUL-1.png 1428w\" sizes=\"auto, (max-width: 1024px) 100vw, 1024px\" \/><\/figure><div class=\"wp-block-media-text__content\"><p>En Furn, Creemos que un buen dise\u00f1o no solo embellece un espacio, sino que mejora la productividad, el bienestar y la experiencia de quienes lo habitan. Por eso, seleccionamos cuidadosamente materiales resistentes, innovamos en ergonom\u00eda y apostamos por acabados sofisticados que elevan cualquier ambiente.<\/p>\n\n<p><strong>Nuestra Misi\u00f3n<\/strong><br>Brindar soluciones de mobiliario con un equilibrio perfecto entre est\u00e9tica y funcionalidad, ayudando a nuestros clientes a crear espacios modernos, eficientes y confortables.<\/p>\n\n<p><strong>Nuestra Visi\u00f3n<\/strong><br>Ser la empresa l\u00edder en mobiliario en Canc\u00fan, Tulum y Playa del Carmen, reconocida por la excelencia en dise\u00f1o, la calidad de nuestros productos y la satisfacci\u00f3n de nuestros clientes.<\/p>\n\n<p><strong>\u00bfPor Qu\u00e9 Elegirnos?<\/strong><\/p>\n\n<ul class=\"wp-block-list\"><li>Dise\u00f1o innovador y ergon\u00f3mico para mayor confort.<\/li><\/ul>\n\n<ul class=\"wp-block-list\"><li>Materiales de alta calidad para una larga durabilidad.<\/li><\/ul>\n\n<ul class=\"wp-block-list\"><li>Atenci\u00f3n personalizada para encontrar la mejor soluci\u00f3n para tu espacio.<\/li><\/ul>\n\n<ul class=\"wp-block-list\"><li>Env\u00edos r\u00e1pidos y seguros en la Riviera Maya.<\/li><\/ul>\n\n<p>En Furn, sabemos que el mobiliario es m\u00e1s que solo muebles: es una inversi\u00f3n en bienestar, productividad y estilo. Descubre c\u00f3mo podemos transformar tu espacio hoy mismo.<\/p><\/div><\/div><div style=\"height:70px\" aria-hidden=\"true\" class=\"wp-block-spacer is-style-heim-max-height-mobile\"><\/div>","protected":false},"excerpt":{"rendered":"","protected":false},"author":1,"featured_media":0,"parent":0,"menu_order":0,"comment_status":"closed","ping_status":"closed","template":"","meta":{"footnotes":""},"class_list":["post-163","page","type-page","status-publish","hentry"],"_links":{"self":[{"href":"https:\/\/staging.furn.mx\/index.php\/wp-json\/wp\/v2\/pages\/163","targetHints":{"allow":["GET"]}}],"collection":[{"href":"https:\/\/staging.furn.mx\/index.php\/wp-json\/wp\/v2\/pages"}],"about":[{"href":"https:\/\/staging.furn.mx\/index.php\/wp-json\/wp\/v2\/types\/page"}],"author":[{"embeddable":true,"href":"https:\/\/staging.furn.mx\/index.php\/wp-json\/wp\/v2\/users\/1"}],"replies":[{"embeddable":true,"href":"https:\/\/staging.furn.mx\/index.php\/wp-json\/wp\/v2\/comments?post=163"}],"version-history":[{"count":0,"href":"https:\/\/staging.furn.mx\/index.php\/wp-json\/wp\/v2\/pages\/163\/revisions"}],"wp:attachment":[{"href":"https:\/\/staging.furn.mx\/index.php\/wp-json\/wp\/v2\/media?parent=163"}],"curies":[{"name":"wp","href":"https:\/\/api.w.org\/{rel}","templated":true}]}}