{"id":1018,"date":"2025-05-01T22:49:12","date_gmt":"2025-05-01T22:49:12","guid":{"rendered":"https:\/\/furn.mx\/index.php\/producto\/banca-ellitico-ohr-2600-2p\/"},"modified":"2025-05-07T17:42:12","modified_gmt":"2025-05-07T17:42:12","slug":"banca-ellitico-ohr-2600-2p","status":"publish","type":"product","link":"https:\/\/staging.furn.mx\/index.php\/producto\/banca-ellitico-ohr-2600-2p\/","title":{"rendered":"BANCA ELLITICO OHR 2600 2P"},"content":{"rendered":"<p>Material:<br \/>\n\u2022\tAsiento y respaldo fabricados en copol\u00edmero de polipropileno, resistentes al desgaste.<br \/>\n\u2022\tTorniller\u00eda con tuerca hexagonal para una fijaci\u00f3n segura y duradera.<br \/>\n\u2022\tDisponible en colores negro y azul para adaptarse a distintos ambientes.<br \/>\nBase:<br \/>\n\u2022\tEstructura de perfil rectangular tubular de acero de 1\/2\u201d x 1\u201d y 2\u201d x 1\u201d, calibre 16.<br \/>\n\u2022\tRefuerzo en forma de \u201cL\u201d con soporte soldado para m\u00e1xima estabilidad.<br \/>\n\u2022\tPintura electrost\u00e1tica en polvo (ep\u00f3xica) color negro, resistente a impactos y rayaduras.<br \/>\nUso ideal:<br \/>\nPerfecta para comedores industriales, aulas, \u00e1reas comunes y espacios p\u00fablicos donde se necesite una silla de alta resistencia, f\u00e1cil limpieza y larga vida \u00fatil con capacidad de hasta 200 kg.<\/p>\n","protected":false},"excerpt":{"rendered":"<p>La silla OHR-2600-2P ofrece una estructura ultra resistente y respaldo ergon\u00f3mico en polipropileno, dise\u00f1ada para espacios de alto tr\u00e1nsito que requieren durabilidad, estabilidad y f\u00e1cil mantenimiento.<\/p>\n","protected":false},"featured_media":885,"comment_status":"open","ping_status":"closed","template":"","meta":[],"product_brand":[75],"product_cat":[98],"product_tag":[],"class_list":{"0":"post-1018","1":"product","2":"type-product","3":"status-publish","4":"has-post-thumbnail","6":"product_brand-econo-sillas","7":"product_cat-visitante-interior","9":"first","10":"instock","11":"taxable","12":"shipping-taxable","13":"product-type-simple"},"_links":{"self":[{"href":"https:\/\/staging.furn.mx\/index.php\/wp-json\/wp\/v2\/product\/1018","targetHints":{"allow":["GET"]}}],"collection":[{"href":"https:\/\/staging.furn.mx\/index.php\/wp-json\/wp\/v2\/product"}],"about":[{"href":"https:\/\/staging.furn.mx\/index.php\/wp-json\/wp\/v2\/types\/product"}],"replies":[{"embeddable":true,"href":"https:\/\/staging.furn.mx\/index.php\/wp-json\/wp\/v2\/comments?post=1018"}],"wp:featuredmedia":[{"embeddable":true,"href":"https:\/\/staging.furn.mx\/index.php\/wp-json\/wp\/v2\/media\/885"}],"wp:attachment":[{"href":"https:\/\/staging.furn.mx\/index.php\/wp-json\/wp\/v2\/media?parent=1018"}],"wp:term":[{"taxonomy":"product_brand","embeddable":true,"href":"https:\/\/staging.furn.mx\/index.php\/wp-json\/wp\/v2\/product_brand?post=1018"},{"taxonomy":"product_cat","embeddable":true,"href":"https:\/\/staging.furn.mx\/index.php\/wp-json\/wp\/v2\/product_cat?post=1018"},{"taxonomy":"product_tag","embeddable":true,"href":"https:\/\/staging.furn.mx\/index.php\/wp-json\/wp\/v2\/product_tag?post=1018"}],"curies":[{"name":"wp","href":"https:\/\/api.w.org\/{rel}","templated":true}]}}