{"id":157,"date":"2025-02-23T05:37:16","date_gmt":"2025-02-23T05:37:16","guid":{"rendered":"https:\/\/furn.mx\/index.php\/producto\/framed-leafs-artwork\/"},"modified":"2025-04-22T22:22:16","modified_gmt":"2025-04-22T22:22:16","slug":"vanto-sillon-ejecutivo","status":"publish","type":"product","link":"https:\/\/staging.furn.mx\/index.php\/producto\/vanto-sillon-ejecutivo\/","title":{"rendered":"Vanto OHE-75 Sill\u00f3n Ejecutivo"},"content":{"rendered":"<p>La silla <strong>VANTO OHE-75<\/strong> es una opci\u00f3n sofisticada y ergon\u00f3mica dise\u00f1ada para brindar comodidad y elegancia en espacios de trabajo. Su respaldo medio, mecanismo synchro inteligente y sistema de elevaci\u00f3n ajustable permiten una postura \u00f3ptima para largas jornadas.<\/p>\n","protected":false},"excerpt":{"rendered":"<p>La silla <strong data-start=\"28\" data-end=\"38\">OHE-75<\/strong> es una opci\u00f3n sofisticada y ergon\u00f3mica dise\u00f1ada para brindar comodidad y elegancia en espacios de trabajo. Su respaldo medio, mecanismo synchro inteligente y sistema de elevaci\u00f3n ajustable permiten una postura \u00f3ptima para largas jornadas.<\/p>\n","protected":false},"featured_media":303,"comment_status":"open","ping_status":"closed","template":"","meta":[],"product_brand":[40,37],"product_cat":[31],"product_tag":[43,35,42,36,32,53],"class_list":{"0":"post-157","1":"product","2":"type-product","3":"status-publish","4":"has-post-thumbnail","6":"product_brand-offiho-black","7":"product_brand-offiho","8":"product_cat-sillas-oficina","9":"product_tag-black","10":"product_tag-ejecutiva","11":"product_tag-offiho","12":"product_tag-oficina","13":"product_tag-silla","14":"product_tag-vanto","16":"first","17":"instock","18":"taxable","19":"shipping-taxable","20":"purchasable","21":"product-type-simple"},"_links":{"self":[{"href":"https:\/\/staging.furn.mx\/index.php\/wp-json\/wp\/v2\/product\/157","targetHints":{"allow":["GET"]}}],"collection":[{"href":"https:\/\/staging.furn.mx\/index.php\/wp-json\/wp\/v2\/product"}],"about":[{"href":"https:\/\/staging.furn.mx\/index.php\/wp-json\/wp\/v2\/types\/product"}],"replies":[{"embeddable":true,"href":"https:\/\/staging.furn.mx\/index.php\/wp-json\/wp\/v2\/comments?post=157"}],"wp:featuredmedia":[{"embeddable":true,"href":"https:\/\/staging.furn.mx\/index.php\/wp-json\/wp\/v2\/media\/303"}],"wp:attachment":[{"href":"https:\/\/staging.furn.mx\/index.php\/wp-json\/wp\/v2\/media?parent=157"}],"wp:term":[{"taxonomy":"product_brand","embeddable":true,"href":"https:\/\/staging.furn.mx\/index.php\/wp-json\/wp\/v2\/product_brand?post=157"},{"taxonomy":"product_cat","embeddable":true,"href":"https:\/\/staging.furn.mx\/index.php\/wp-json\/wp\/v2\/product_cat?post=157"},{"taxonomy":"product_tag","embeddable":true,"href":"https:\/\/staging.furn.mx\/index.php\/wp-json\/wp\/v2\/product_tag?post=157"}],"curies":[{"name":"wp","href":"https:\/\/api.w.org\/{rel}","templated":true}]}}