{"id":629,"date":"2025-03-18T20:33:33","date_gmt":"2025-03-18T20:33:33","guid":{"rendered":"https:\/\/furn.mx\/?post_type=product&#038;p=629"},"modified":"2025-04-22T22:22:16","modified_gmt":"2025-04-22T22:22:16","slug":"ocean-ohv-61","status":"publish","type":"product","link":"https:\/\/staging.furn.mx\/index.php\/producto\/ocean-ohv-61\/","title":{"rendered":"Ocean OHV-61"},"content":{"rendered":"<p data-start=\"1108\" data-end=\"1402\">Gracias a sus materiales de <strong data-start=\"1136\" data-end=\"1152\">alta calidad<\/strong>, la <strong data-start=\"1157\" data-end=\"1172\">Silla Ocean<\/strong> puede utilizarse en una gran variedad de espacios:<br data-start=\"1223\" data-end=\"1226\" \/>\u2705 <strong data-start=\"1228\" data-end=\"1251\">Jardines y terrazas<\/strong> \ud83c\udf3f<br data-start=\"1254\" data-end=\"1257\" \/>\u2705 <strong data-start=\"1259\" data-end=\"1302\">Restaurantes y cafeter\u00edas al aire libre<\/strong> \u2615<br data-start=\"1304\" data-end=\"1307\" \/>\u2705 <strong data-start=\"1309\" data-end=\"1346\">Comedores modernos y minimalistas<\/strong> \ud83c\udf7d\ufe0f<br data-start=\"1350\" data-end=\"1353\" \/>\u2705 <strong data-start=\"1355\" data-end=\"1397\">\u00c1reas de coworking y oficinas abiertas<\/strong> \ud83c\udfe2<\/p>\n<p data-start=\"1404\" data-end=\"1543\">Su dise\u00f1o ergon\u00f3mico permite un asiento c\u00f3modo y seguro, con una altura de <strong data-start=\"1479\" data-end=\"1488\">47 cm<\/strong>, ideal para adaptarse a diferentes mesas y entornos.<\/p>\n","protected":false},"excerpt":{"rendered":"<p>Cuando se trata de elegir el mobiliario perfecto para espacios interiores y exteriores, la <strong data-start=\"163\" data-end=\"178\">Silla Ocean<\/strong> destaca como una opci\u00f3n vers\u00e1til, resistente y elegante. Dise\u00f1ada para soportar las condiciones m\u00e1s exigentes sin sacrificar su estilo, esta silla es la elecci\u00f3n ideal para quienes buscan comodidad y funcionalidad en un solo producto.<\/p>\n","protected":false},"featured_media":627,"comment_status":"open","ping_status":"closed","template":"","meta":[],"product_brand":[75,37],"product_cat":[24],"product_tag":[77,82,81,42,78],"class_list":{"0":"post-629","1":"product","2":"type-product","3":"status-publish","4":"has-post-thumbnail","6":"product_brand-econo-sillas","7":"product_brand-offiho","8":"product_cat-sillas-exterior","9":"product_tag-econo","10":"product_tag-exterior","11":"product_tag-ocean","12":"product_tag-offiho","13":"product_tag-sillas","15":"first","16":"instock","17":"taxable","18":"shipping-taxable","19":"purchasable","20":"product-type-simple"},"_links":{"self":[{"href":"https:\/\/staging.furn.mx\/index.php\/wp-json\/wp\/v2\/product\/629","targetHints":{"allow":["GET"]}}],"collection":[{"href":"https:\/\/staging.furn.mx\/index.php\/wp-json\/wp\/v2\/product"}],"about":[{"href":"https:\/\/staging.furn.mx\/index.php\/wp-json\/wp\/v2\/types\/product"}],"replies":[{"embeddable":true,"href":"https:\/\/staging.furn.mx\/index.php\/wp-json\/wp\/v2\/comments?post=629"}],"wp:featuredmedia":[{"embeddable":true,"href":"https:\/\/staging.furn.mx\/index.php\/wp-json\/wp\/v2\/media\/627"}],"wp:attachment":[{"href":"https:\/\/staging.furn.mx\/index.php\/wp-json\/wp\/v2\/media?parent=629"}],"wp:term":[{"taxonomy":"product_brand","embeddable":true,"href":"https:\/\/staging.furn.mx\/index.php\/wp-json\/wp\/v2\/product_brand?post=629"},{"taxonomy":"product_cat","embeddable":true,"href":"https:\/\/staging.furn.mx\/index.php\/wp-json\/wp\/v2\/product_cat?post=629"},{"taxonomy":"product_tag","embeddable":true,"href":"https:\/\/staging.furn.mx\/index.php\/wp-json\/wp\/v2\/product_tag?post=629"}],"curies":[{"name":"wp","href":"https:\/\/api.w.org\/{rel}","templated":true}]}}